{"id":102,"date":"2021-05-24T16:36:27","date_gmt":"2021-05-24T16:36:27","guid":{"rendered":"http:\/\/www.lvbprint.de\/?page_id=102"},"modified":"2025-05-09T18:35:10","modified_gmt":"2025-05-09T16:35:10","slug":"printmulti-simultaneous-printing","status":"publish","type":"page","link":"https:\/\/www.lvbprint.de\/en\/printmulti-simultaneous-printing\/","title":{"rendered":"PrintMulti"},"content":{"rendered":"\r\n<p>&nbsp;<\/p>\r\n\r\n\r\n\r\n<figure class=\"wp-block-image size-full\"><img loading=\"lazy\" decoding=\"async\" width=\"764\" height=\"617\" class=\"wp-image-1147\" title=\"PrintMulti \u00dcbersicht\" src=\"https:\/\/www.lvbprint.de\/wp-content\/uploads\/2022\/10\/PrintMulti_Trans.png\" alt=\"PrintMulti - gleichzeitig Drucken\" srcset=\"https:\/\/www.lvbprint.de\/wp-content\/uploads\/2022\/10\/PrintMulti_Trans.png 764w, https:\/\/www.lvbprint.de\/wp-content\/uploads\/2022\/10\/PrintMulti_Trans-300x242.png 300w, https:\/\/www.lvbprint.de\/wp-content\/uploads\/2022\/10\/PrintMulti_Trans-15x12.png 15w\" sizes=\"auto, (max-width: 764px) 100vw, 764px\" \/><\/figure>\r\n\r\n<h2>PrintMulti &#8211; parallel\/gleichzeitig Drucken auf mehrere Drucker<\/h2>\r\n<p>Mit PrintMulti als Komponenten der Druckjobverarbeitung ist es m\u00f6glich einen Druckjob auf mehrere Drucker gleichzeitig auszugeben und dabei auf vielf\u00e4ltige Weise zu beeinflussen. Ausgangspunkt ist stets eine Anwendung, die auf einen (virtuellen) Drucker ausgibt, dessen PrintProzessor durch PrintMulti ersetzt wurde.<\/p>\r\n<p>Die Grafik zeigt eine \u00dcbersicht \u00fcber die weitreichenden M\u00f6glichkeiten, die PrintMulti bietet. In den folgenden Abschnitten werden die F\u00e4higkeiten weiter erl\u00e4utert.<\/p>\r\n<p>Viele Erweiterungen sind durch W\u00fcnsche der Anwender entstanden. Scheuen Sie sich nicht Kontakt mit uns aufzunehmen, auch bei den au\u00dfergew\u00f6hnlichsten Anforderungen. Vieles ist bereits m\u00f6glich oder kann vielleicht einfach implementiert werden&#8230;<\/p>\r\n<h2>Ausgabe auf mehreren Druckern<\/h2>\r\n<p>In den meisten F\u00e4llen wird PrintMulti dazu verwendet, den Druckjob einfach nochmals auszugeben. Falls der Druckjob im <strong>EMF<\/strong> Format gespoolt wird, bieten sich die meisten M\u00f6glichkeiten die Ausgabe zu beeinflussen. Die <a href=\"https:\/\/www.lvbprint.de\/2021\/07\/25\/beispiele-aus-dem-handbuch\/\">Beispiele 1 und 2<\/a> im Handbuch enthalten die meisten Anwendungsf\u00e4lle<\/p>\r\n<h3>Druckjobs im EMF Format<\/h3>\r\n<ul>\r\n<li>einen &#8222;Durchschlag&#8220; aus einem anderen Papierfach z.B. mit farbigen Papier auszugeben<\/li>\r\n<li>die Kopie mit einem Wasserzeichen zu kennzeichnen\u00a0<\/li>\r\n<li>um Kosten zu sparen eine Kopie nur S\/W ausdrucken<\/li>\r\n<li>die letzte Seite zu unterdr\u00fccken, die nur Bekanntes, Kleingedrucktes enth\u00e4lt<\/li>\r\n<li>in der Kopie mehrere Seiten auf ein Blatt drucken<\/li>\r\n<li>Verwendung von (komplizierten) Hintergrundformularen (z.B. mit Word erzeugt) als SPL Datei oder als Trennseite<\/li>\r\n<li>Einbetten von Rechtecken\/Linien (Falzmarken, OMR\/Strichcode), Bildern (Logos), Texten (Wasserzeichen)<\/li>\r\n<\/ul>\r\n<p>Es gab auch schon speziellere Anforderungen wie<\/p>\r\n<ul>\r\n<li>die Kopie (bzw. das Original) benutzer- oder inhaltsabh\u00e4ngig auf einen Drucker in einem anderen Geb\u00e4ude\/Gang auszugeben<\/li>\r\n<li>die erste Seite nochmals auf die R\u00fcckseite im Duplexmodus ausdrucken<\/li>\r\n<li>einen Textausschnitt aus dem Inhalt extrahieren, in einen QR-Code wandeln und diesen dann als Bild auf die erste Seite einbetten<\/li>\r\n<\/ul>\r\n<h3>Druckjobs im RAW Format<\/h3>\r\n<p>Falls es nicht gelingt den Treiber zum EMF Spooling zu \u00fcberreden, bietet PrintMulti immer noch die M\u00f6glichkeit in geringem Ma\u00dfe Einfluss zu nehmen (hier setzt auch oft die Konkurrenz an, indem nicht der PrintProzessor sondern der Portmonitor ersetzt wird). Im Handbuch finden Sie zwei <a href=\"https:\/\/www.lvbprint.de\/2021\/07\/25\/beispiele-aus-dem-handbuch\/\">Beispiele<\/a> dazu.<\/p>\r\n<ul>\r\n<li>eine unver\u00e4nderte Ausgabe auf kompatiblen Druckern ist jederzeit m\u00f6glich<\/li>\r\n<li>die Datei kann dann auch irgendwo auf der Festplatte abgelegt und bei Verwendung von Postscript-Treiber auch ggf. vorher in eine PDF gewandelt werden.<\/li>\r\n<li>durch die Verwendung von Suchen\/Ersetzen Tools wie &#8222;sed&#8220; ist bei einfachen Raw-Formaten wie PCL5 z.B: auch m\u00f6glich, die Ein- oder Ausgabesch\u00e4chte zu ver\u00e4ndern<\/li>\r\n<\/ul>\r\n<h2>PDF \/ XPS Erzeugung<\/h2>\r\n<p>Eine weitere h\u00e4ufige Anwendung ist die zus\u00e4tzliche Ablage der Druckausgabe als PDF oder als XPS Datei.<\/p>\r\n<p>Das geht am einfachsten mit der Verwendung eines PDF-Druckers wie &#8222;Microsoft Print to PDF&#8220; oder des entsprechenden XPS Druckers. Im Handbuch finden Sie ein umfangreiches Kapitel dazu (Kapitel 8), denn nicht jeder PDF Drucker ist gleicherma\u00dfen geeignet! Weiter unten bei &#8222;Skripting&#8220; sind noch einige Weiterverarbeitungsm\u00f6glichkeiten aufgef\u00fchrt.<\/p>\r\n<h2>Speichern als Grafikdatei<\/h2>\r\n<p>Sie k\u00f6nnen die Druckausgabe zus\u00e4tzlich als Bilddatei mit diversen Einstellungen speichern, die das Bildformat hergibt. Im Handbuch finden Sie ein umfangreiches Beispiel (<a href=\"https:\/\/www.lvbprint.de\/2021\/07\/25\/beispiele-aus-dem-handbuch\/\">Beispiel 3<\/a>)\u00a0<\/p>\r\n<ul>\r\n<li>Es wird bmp, emf, gif, jpg, png und tiff (auch Multipage tiff) unterst\u00fctzt<\/li>\r\n<li>Es kann auch nur ein Ausschnitt gespeichert werden.<\/li>\r\n<li>Auch hier k\u00f6nnen Skripte aufgerufen werden, um die Bilder sinnvoll weiterzuverarbeiten.<br \/>Ein Wunsch war hier z.B. einen Ausschnitt der 1. Seite (Adressfeld) auf einen zus\u00e4tzlichen Labeldrucker zu drucken.<\/li>\r\n<\/ul>\r\n<h2>Skripting<\/h2>\r\n<p>Skripte k\u00f6nnen bei allen Aktionen ausgef\u00fchrt werden um spezielle Anforderungen zu erf\u00fcllen. Die \u00dcbergabe von Werten kann \u00fcber Kommandozeilenparameter oder Umgebungsvariablen erfolgen.<\/p>\r\n<p>Folgende Anwendungsf\u00e4lle sind bekannt:<\/p>\r\n<ul>\r\n<li>Ansteuerung von Archivsystemen. Schlagw\u00f6rter k\u00f6nnen ggf. aus dem Inhalt extrahiert werden.\u00a0<\/li>\r\n<li><a href=\"https:\/\/www.lvbprint.de\/2022\/04\/24\/e-mail-versand\/\">Automatisches Versenden<\/a> von E-Mails an Empf\u00e4nger, deren Adresse aus dem Dokument extrahiert wird.<\/li>\r\n<li>Beim Rawdruck k\u00f6nnen durch Skripte die zu druckenden Daten ver\u00e4ndert werden.<\/li>\r\n<\/ul>\r\n<ul>\r\n<li style=\"list-style-type: none;\">\u00a0<\/li>\r\n<\/ul>\r\n\r\n<p>&nbsp;<\/p>\r\n\r\n\r\n<hr class=\"wp-block-separator has-css-opacity\" \/>\r\n<h5>Hier noch ein kurzes Beispiel, damit Sie einen ersten Eindruck gewinnen k\u00f6nnen.<br \/>(im Handbuch finden sich noch etliche weitere Beispiele)<\/h5>\r\n<p>Wie man den virtuellen Drucker installiert bitte im Handbuch oder im Dokument &#8222;Quick Guide &#8211; Troubleshooting&#8220; nachschlagen.<\/p>\r\n<blockquote>\r\n<p>Verwenden Sie einen vern\u00fcnftigen Editor wie Notepad++ und Speichern die Konfigurationsdatei ggf. als &#8222;UTF-8-BOM&#8220; ab, insbesondere wenn Sie Sonderzeichen verwenden<\/p>\r\n<\/blockquote>\r\n\r\n<pre class=\"wp-block-code\"><code><strong>[PrintMulti Color]<\/strong>\r\nActive=1\r\nAction<strong>Main<\/strong>=Print;<span class=\"has-inline-color has-vivid-red-color\"><strong>ActionPrintMain<\/strong><\/span>\r\nAction<strong>Copy<\/strong>=Print;<span class=\"has-inline-color has-vivid-cyan-blue-color\"><strong>ActionPrintCopy<\/strong><\/span>\r\nAction<strong>PDF<\/strong>=Print;<span class=\"has-inline-color\" style=\"color: #10a300;\"><strong>ActionSavePDF<\/strong><\/span>\r\n\r\n<span class=\"has-inline-color has-vivid-red-color\"><strong>[ActionPrintMain]<\/strong>\r\nPrinter=TestPrinter<\/span>\r\n\r\n<span class=\"has-inline-color has-vivid-purple-color\"><strong>[Secret]<\/strong>\r\nType=Text\r\nText=Secret\r\nAttrib=BI\r\nFont=Courier New\r\nColor=0x0000E0E0FF\r\nX=$(#w;2;\/)\r\nY=$(#h;2;\/)\r\nHeight=40mm\r\nAlign=Center\r\nVertAlign=Center\r\ndx=#w\r\ndy=#h<\/span>\r\n\r\n<span class=\"has-inline-color has-vivid-cyan-blue-color\"><strong>[ActionPrintCopy]<\/strong>\r\nPrinter=TestPrinter\r\nColor=$(#n;1;==)\r\nPaperSource=Fach 1\r\nObjectSecret=<\/span><span class=\"has-inline-color has-vivid-purple-color\">Secret<\/span><span class=\"has-inline-color has-vivid-cyan-blue-color\">\r\n;LastPage=$(#Z;1;-)<\/span>\r\n\r\n<span class=\"has-inline-color\" style=\"color: #10a300;\"><strong>[ActionSavePDF]<\/strong>\r\nPrinter=Microsoft Print To PDF\r\nSave2File=C:\\PrinterArchiv\\#(%Y-%m)T\\#K_#J.pdf<\/span><\/code><\/pre>\r\n\r\n<h5>Ein paar Erl\u00e4uterungen&#8230;<\/h5>\r\n<ul>\r\n<li>Achten Sie darauf, dass sich die Bezeichnungen links nach &#8222;Action&#8220; unterscheiden.\u00a0<\/li>\r\n<li>Wenn der Druckertreiber f\u00fcr den PrintMulti Drucker &#8222;gutm\u00fctig&#8220; ist (also EMF Jobs erzeugt), dann k\u00f6nnen Sie auch diesen mit der Einstellung &#8222;PrintSelf=1&#8220; verwenden und auf die Aktion <em>&#8222;ActionPrintMain&#8220;<\/em> wie im Beispiel verzichten.<\/li>\r\n<li>Bei der Aktion &#8222;<em>ActionPrintCopy<\/em>&#8220; wurde eine dynamische Farbsteuerung verwendet. Der Ausdruck wird mit jeder Seite ausgewertet und liefert in diesem Fall bei der ersten Seite &#8222;wahr&#8220; zur\u00fcck. Nur die erste Seite wird also farbig gedruckt werden. Ein Aktivieren der auskommentierten Einstellung &#8222;LastPage&#8220; w\u00fcrde bewirken, dass die letzte Seite nicht ausgegeben wird.\u00a0<\/li>\r\n<li>Beim Drucken der Kopie wird ein Wasserzeichen quer \u00fcber das Papier gedruckt und das Papier aus einem anderen Fach genommen<\/li>\r\n<li>Die Pfade beim Erzeugen der PDF bei der dritten Aktion werden automatisch erzeugt.<\/li>\r\n<\/ul>\r\n<p>Im Handbuch finden Sie einige ausf\u00fchrliche Beispiele<\/p>\r\n<p>Die Ausgabe von <em>ActionPrintCopy<\/em> w\u00fcrde bei einem Beispieldokument\u00a0 so aussehen:<\/p>\r\n\r\n<div class=\"wp-block-columns is-layout-flex wp-container-core-columns-is-layout-9d6595d7 wp-block-columns-is-layout-flex\">\r\n<div class=\"wp-block-column is-layout-flow wp-block-column-is-layout-flow\" style=\"flex-basis: 100%;\"><div class=\"wp-block-image\">\r\n<figure class=\"aligncenter size-large is-resized\"><img loading=\"lazy\" decoding=\"async\" width=\"703\" height=\"1024\" class=\"wp-image-388\" style=\"width: 703px; height: 1024px;\" title=\"Beispielausdruck mit Wasserzeichen\" src=\"https:\/\/www.lvbprint.de\/wp-content\/uploads\/2021\/06\/watermark-703x1024.jpg\" alt=\"Example for a printed watermark over the page\" srcset=\"https:\/\/www.lvbprint.de\/wp-content\/uploads\/2021\/06\/watermark-703x1024.jpg 703w, https:\/\/www.lvbprint.de\/wp-content\/uploads\/2021\/06\/watermark-206x300.jpg 206w, https:\/\/www.lvbprint.de\/wp-content\/uploads\/2021\/06\/watermark-768x1119.jpg 768w, https:\/\/www.lvbprint.de\/wp-content\/uploads\/2021\/06\/watermark-1054x1536.jpg 1054w, https:\/\/www.lvbprint.de\/wp-content\/uploads\/2021\/06\/watermark-1406x2048.jpg 1406w, https:\/\/www.lvbprint.de\/wp-content\/uploads\/2021\/06\/watermark-scaled.jpg 1757w\" sizes=\"auto, (max-width: 703px) 100vw, 703px\" \/><\/figure>\r\n<\/div>\r\n\r\n\r\n<p><strong>Hier finden Sie noch ein paar Links auf Seiten, die sich mit PrintMulti besch\u00e4ftigen:<\/strong><\/p>\r\n<p><a href=\"https:\/\/www.andysblog.de\/windows-mit-printmulti-druckauftraege-automatisch-als-pdf-und-auf-papier-ausgeben\" rel=\"noopener\">https:\/\/www.andysblog.de\/windows-mit-printmulti-druckauftraege-automatisch-als-pdf-und-auf-papier-ausgeben<\/a><\/p>\r\n<p><a href=\"https:\/\/www.tecchannel.de\/a\/praktische-tools-rund-ums-drucken,2048051\" rel=\"noopener\">https:\/\/www.tecchannel.de\/a\/praktische-tools-rund-ums-drucken,2048051<\/a><\/p>\r\n<p><a href=\"https:\/\/www.computerwoche.de\/a\/tools-fuers-drucken,2529321\" rel=\"noopener\">https:\/\/www.computerwoche.de\/a\/tools-fuers-drucken,2529321<\/a><\/p>\r\n<p><a href=\"https:\/\/www.netways.de\/blog\/2010\/12\/22\/druckauftrag-an-zwei-drucker-senden\/\" rel=\"noopener\">https:\/\/www.netways.de\/blog\/2010\/12\/22\/druckauftrag-an-zwei-drucker-senden\/<\/a><\/p>\r\n<p><a href=\"https:\/\/www.essential-freebies.de\/board\/viewtopic.php?t=12731\" rel=\"noopener\">https:\/\/www.essential-freebies.de\/board\/viewtopic.php?t=12731<\/a><\/p>\r\n<p><a href=\"https:\/\/www.tek-tips.com\/viewthread.cfm?qid=1736697\" rel=\"noopener\">https:\/\/www.tek-tips.com\/viewthread.cfm?qid=1736697<\/a><\/p>\r\n<p><a href=\"https:\/\/alternativeto.net\/software\/printmulti\/\" rel=\"noopener\">PrintMulti Alternatives and Similar Software | AlternativeTo<\/a><\/p>\r\n\r\n\r\n\r\n<p>&nbsp;<\/p>\r\n<\/div>\r\n<\/div>\r\n\r\n\r\n<a data-dpd-type=\"button\" data-text=\"PrintMulti Server Lizenz kaufen\" data-variant=\"price-none\" data-button-size=\"dpd-large\" data-bg-color=\"469d3d\" data-bg-color-hover=\"5cc052\" data-text-color=\"ffffff\" data-pr-bg-color=\"ffffff\" data-pr-color=\"000000\" data-lightbox=\"1\" href=\"https:\/\/lvbprint.dpdcart.com\/cart\/add?product_id=244277&amp;method_id=266850\" rel=\"noopener\">PrintMulti Server Lizenz kaufen<\/a><script src=\"https:\/\/lvbprint.dpdcart.com\/dpd.js\"><\/script>","protected":false},"excerpt":{"rendered":"<p>PrintMulti erlaubt die Vervielf\u00e4ltigung eines Druckjobs um mehrere Kopien mit angepassten Einstellungen wie dem Eingabefach zu erzeugen. Weitere M\u00f6glichkeiten: PDF\/XPS Erzeugung; Speichern als Grafik; Scripte;&#8230;<\/p>","protected":false},"author":1,"featured_media":974,"parent":0,"menu_order":2,"comment_status":"closed","ping_status":"closed","template":"","meta":{"footnotes":""},"class_list":["post-102","page","type-page","status-publish","has-post-thumbnail","hentry"],"_links":{"self":[{"href":"https:\/\/www.lvbprint.de\/en\/wp-json\/wp\/v2\/pages\/102","targetHints":{"allow":["GET"]}}],"collection":[{"href":"https:\/\/www.lvbprint.de\/en\/wp-json\/wp\/v2\/pages"}],"about":[{"href":"https:\/\/www.lvbprint.de\/en\/wp-json\/wp\/v2\/types\/page"}],"author":[{"embeddable":true,"href":"https:\/\/www.lvbprint.de\/en\/wp-json\/wp\/v2\/users\/1"}],"replies":[{"embeddable":true,"href":"https:\/\/www.lvbprint.de\/en\/wp-json\/wp\/v2\/comments?post=102"}],"version-history":[{"count":82,"href":"https:\/\/www.lvbprint.de\/en\/wp-json\/wp\/v2\/pages\/102\/revisions"}],"predecessor-version":[{"id":1818,"href":"https:\/\/www.lvbprint.de\/en\/wp-json\/wp\/v2\/pages\/102\/revisions\/1818"}],"wp:featuredmedia":[{"embeddable":true,"href":"https:\/\/www.lvbprint.de\/en\/wp-json\/wp\/v2\/media\/974"}],"wp:attachment":[{"href":"https:\/\/www.lvbprint.de\/en\/wp-json\/wp\/v2\/media?parent=102"}],"curies":[{"name":"wp","href":"https:\/\/api.w.org\/{rel}","templated":true}]}}