{"id":50,"date":"2021-05-24T08:56:30","date_gmt":"2021-05-24T08:56:30","guid":{"rendered":"http:\/\/www.lvbprint.de\/?page_id=50"},"modified":"2025-12-21T11:12:33","modified_gmt":"2025-12-21T09:12:33","slug":"willkommen","status":"publish","type":"page","link":"https:\/\/www.lvbprint.de\/en\/","title":{"rendered":"LVBPrint &#8211; L\u00f6sungen rund ums Drucken"},"content":{"rendered":"<h2 class=\"wp-block-heading has-text-align-left\">Products<\/h2>\n\n\n\n<p>We offer products that can be a valuable aid for all your printing needs. Solutions can often be found for many tricky problems.<\/p>\n\n\n\n<p class=\"translation-block\">We also provide the <a href=\"https:\/\/www.lvbprint.de\/en\/zugferd_xrechnung_factur-x\/\" target=\"_blank\" data-type=\"link\" data-id=\"https:\/\/www.lvbprint.de\/zugferd_xrechnung_factur-x\/\" rel=\"noreferrer noopener\">ZUGFeRD-Composer<\/a>, another free tool for creating digital invoices.<\/p>\n\n\n\n<p>PrintMulti is the most important product and offers the possibility to print jobs on several printers simultaneously.<\/p>\n\n\n\n<p><strong>(We do not sell or broker printer accessories! Advertising calls in this regard do not come from us)<\/strong><\/p>\n\n\n\n<div class=\"wp-block-columns is-layout-flex wp-container-core-columns-is-layout-9d6595d7 wp-block-columns-is-layout-flex\">\n<div class=\"wp-block-column is-layout-flow wp-block-column-is-layout-flow\">\n<h3 class=\"wp-block-heading\"><a href=\"https:\/\/www.lvbprint.de\/en\/printmulti\/\" data-type=\"page\" data-id=\"102\">PrintMulti<\/a><\/h3>\n\n\n\n<p>Printing to a (virtual) printer enables simultaneous output of the job to other printers, to files (e.g. PDF, TIFF) and much more.<\/p>\n\n\n\n<p><\/p>\n<\/div>\n\n\n\n<div class=\"wp-block-column is-vertically-aligned-top is-layout-flow wp-block-column-is-layout-flow\">\n<h3 class=\"wp-block-heading\"><a href=\"https:\/\/www.lvbprint.de\/en\/splviewer\/\" data-type=\"page\" data-id=\"119\">SPLViewer<\/a><\/h3>\n\n\n\n<p>(Graphical) view of print jobs with the option to reprint also on other printers<\/p>\n<\/div>\n\n\n\n<div class=\"wp-block-column is-layout-flow wp-block-column-is-layout-flow\">\n<h3 class=\"wp-block-heading\"><a href=\"https:\/\/www.lvbprint.de\/en\/gsbatchprint\/\" data-type=\"page\" data-id=\"234\">GSBatchPrint<\/a><\/h3>\n\n\n\n<p>Frontend for automatic printing of PDF files via Ghostscript with a small Ghostscript extension (option to define the input tray)<\/p>\n<\/div>\n\n\n\n<div class=\"wp-block-column is-layout-flow wp-block-column-is-layout-flow\">\n<h3 class=\"wp-block-heading\"><a href=\"https:\/\/www.lvbprint.de\/en\/zugferd_xrechnung_factur-x\/\" target=\"_blank\" data-type=\"category\" data-id=\"93\" rel=\"noreferrer noopener\">ZUGFeRD-Composer<\/a><\/h3>\n\n\n\n<p class=\"translation-block\">This command line programme generates valid ZUGFeRD and XRechnungen from text files created in Word, Excel, LibreOffice using macros or with the help of <a href=\"https:\/\/www.lvbprint.de\/en\/printmulti-simultaneous-printing\/\" target=\"_blank\" rel=\"noreferrer noopener\">PrintMulti<\/a> by outputting them to a virtual invoice printer.<\/p>\n<\/div>\n<\/div>\n\n\n\n<h3 class=\"wp-block-heading\">The latest contributions<\/h3>\n\n\n<ul class=\"wp-block-latest-posts__list wp-block-latest-posts\"><li><a class=\"wp-block-latest-posts__post-title\" href=\"https:\/\/www.lvbprint.de\/en\/2026\/01\/15\/auto-girocode\/\">100% automated EPC QR code (Girocode) embedding directly in the invoice printing process<\/a><\/li>\n<li><a class=\"wp-block-latest-posts__post-title\" href=\"https:\/\/www.lvbprint.de\/en\/2025\/11\/13\/zugferd-validierung\/\">Automatic ZUGFeRD validation with the Kosit Validator<\/a><\/li>\n<li><a class=\"wp-block-latest-posts__post-title\" href=\"https:\/\/www.lvbprint.de\/en\/2025\/04\/05\/zugferd-rechnungen-aus-excel-erzeugen\/\">G\u00fcltige ZUGFeRD Rechnungen aus Excel Dateien erzeugen<\/a><\/li>\n<li><a class=\"wp-block-latest-posts__post-title\" href=\"https:\/\/www.lvbprint.de\/en\/2025\/04\/03\/zugferd-rechnungen-aus-word-erzeugen\/\">ZUGFeRD Rechnungen aus Word Dateien erzeugen<\/a><\/li>\n<li><a class=\"wp-block-latest-posts__post-title\" href=\"https:\/\/www.lvbprint.de\/en\/2024\/08\/20\/pdf-generation-file-dialog\/\">Example of automatic PDF generation when printing with the selection of the file name<\/a><\/li>\n<\/ul>\n\n\n<p>&nbsp;<\/p>","protected":false},"excerpt":{"rendered":"<p>Produkte Wir bieten Produkte an, die Ihnen eine wertvolle Hilfe bei allen Anforderungen rund ums Drucken sein k\u00f6nnen. F\u00fcr viele knifflige Problemstellungen lassen sich h\u00e4ufig<\/p>\n<div class=\"btn btn-light btn-arrow\"><a href=\"https:\/\/www.lvbprint.de\/en\/\" rel=\"nofollow\" title=\"Read More\">Read More<\/a><\/div>","protected":false},"author":1,"featured_media":0,"parent":0,"menu_order":1,"comment_status":"closed","ping_status":"closed","template":"","meta":{"footnotes":""},"class_list":["post-50","page","type-page","status-publish","hentry"],"_links":{"self":[{"href":"https:\/\/www.lvbprint.de\/en\/wp-json\/wp\/v2\/pages\/50","targetHints":{"allow":["GET"]}}],"collection":[{"href":"https:\/\/www.lvbprint.de\/en\/wp-json\/wp\/v2\/pages"}],"about":[{"href":"https:\/\/www.lvbprint.de\/en\/wp-json\/wp\/v2\/types\/page"}],"author":[{"embeddable":true,"href":"https:\/\/www.lvbprint.de\/en\/wp-json\/wp\/v2\/users\/1"}],"replies":[{"embeddable":true,"href":"https:\/\/www.lvbprint.de\/en\/wp-json\/wp\/v2\/comments?post=50"}],"version-history":[{"count":38,"href":"https:\/\/www.lvbprint.de\/en\/wp-json\/wp\/v2\/pages\/50\/revisions"}],"predecessor-version":[{"id":1879,"href":"https:\/\/www.lvbprint.de\/en\/wp-json\/wp\/v2\/pages\/50\/revisions\/1879"}],"wp:attachment":[{"href":"https:\/\/www.lvbprint.de\/en\/wp-json\/wp\/v2\/media?parent=50"}],"curies":[{"name":"wp","href":"https:\/\/api.w.org\/{rel}","templated":true}]}}